{"id":2808,"date":"2024-08-06T08:02:09","date_gmt":"2024-08-06T06:02:09","guid":{"rendered":"https:\/\/kettnerproducts.nl\/winkelwagen\/"},"modified":"2026-04-02T10:14:01","modified_gmt":"2026-04-02T08:14:01","slug":"shopping-cart","status":"publish","type":"page","link":"https:\/\/kettnerproducts.nl\/en\/shopping-cart\/","title":{"rendered":"Shopping cart"},"content":{"rendered":"\t\t<div data-elementor-type=\"wp-page\" data-elementor-id=\"2808\" class=\"elementor elementor-2808 elementor-12\" data-elementor-post-type=\"page\">\n\t\t\t\t<div class=\"elementor-element elementor-element-10fd125 e-flex e-con-boxed e-con e-parent\" data-id=\"10fd125\" data-element_type=\"container\" data-e-type=\"container\">\n\t\t\t\t\t<div class=\"e-con-inner\">\n\t\t<div class=\"elementor-element elementor-element-7ef8d2a e-con-full e-flex e-con e-child\" data-id=\"7ef8d2a\" data-element_type=\"container\" data-e-type=\"container\">\n\t\t\t\t<div class=\"elementor-element elementor-element-c17aff5 elementor-widget elementor-widget-heading\" data-id=\"c17aff5\" data-element_type=\"widget\" data-e-type=\"widget\" data-widget_type=\"heading.default\">\n\t\t\t\t<div class=\"elementor-widget-container\">\n\t\t\t\t\t<h1 class=\"elementor-heading-title elementor-size-default\">Shopping cart<\/h1>\t\t\t\t<\/div>\n\t\t\t\t<\/div>\n\t\t\t\t<div class=\"elementor-element elementor-element-cdb2593 elementor-widget elementor-widget-button\" data-id=\"cdb2593\" data-element_type=\"widget\" data-e-type=\"widget\" data-widget_type=\"button.default\">\n\t\t\t\t<div class=\"elementor-widget-container\">\n\t\t\t\t\t\t\t\t\t<div class=\"elementor-button-wrapper\">\n\t\t\t\t\t<a class=\"elementor-button elementor-button-link elementor-size-sm\" href=\"https:\/\/kettnerproducts.nl\/en\/shop\/\">\n\t\t\t\t\t\t<span class=\"elementor-button-content-wrapper\">\n\t\t\t\t\t\t<span class=\"elementor-button-icon\">\n\t\t\t\t<i aria-hidden=\"true\" class=\"fas fa-long-arrow-alt-left\"><\/i>\t\t\t<\/span>\n\t\t\t\t\t\t\t\t\t<span class=\"elementor-button-text\">Continue shopping<\/span>\n\t\t\t\t\t<\/span>\n\t\t\t\t\t<\/a>\n\t\t\t\t<\/div>\n\t\t\t\t\t\t\t\t<\/div>\n\t\t\t\t<\/div>\n\t\t\t\t<div class=\"elementor-element elementor-element-e15a5ab elementor-widget-divider--view-line elementor-widget elementor-widget-divider\" data-id=\"e15a5ab\" data-element_type=\"widget\" data-e-type=\"widget\" data-widget_type=\"divider.default\">\n\t\t\t\t<div class=\"elementor-widget-container\">\n\t\t\t\t\t\t\t<div class=\"elementor-divider\">\n\t\t\t<span class=\"elementor-divider-separator\">\n\t\t\t\t\t\t<\/span>\n\t\t<\/div>\n\t\t\t\t\t\t<\/div>\n\t\t\t\t<\/div>\n\t\t\t\t<\/div>\n\t\t\t\t\t<\/div>\n\t\t\t\t<\/div>\n\t\t\t\t<\/div>\n\t\t","protected":false},"excerpt":{"rendered":"<p>Shopping cart Continue shopping Remove item Thumbnail image Product Price Quantity Subtotal &times; Complete Braiding Kit &euro;&nbsp;10,00 Complete Braiding Kit&nbsp; quantity &euro;&nbsp;10,00 Apply voucher Cart totals Subtotal &euro;&nbsp;10,00 Shipment Vast tarief: &euro;&nbsp;5,20 Shipping options will be updated during checkout. Calculate shipping Country \/ region Select a country \/ region&hellip;AfghanistanAland eilandenAlbani\u00ebAlgerijeAmerikaans-SamoaAndorraAngolaAnguillaAntarcticaAntigua en BarbudaArgentini\u00ebArmeni\u00ebArubaAustrali\u00ebAzerbeidzjanBahamasBahreinBangladeshBarbadosBelauBelgi\u00ebBelizeBeninBermudaBhutanBoeroendiBoliviaBonaire, Sint Eustatius en [&hellip;]<\/p>\n","protected":false},"author":1,"featured_media":0,"parent":0,"menu_order":0,"comment_status":"closed","ping_status":"closed","template":"","meta":{"footnotes":""},"class_list":["post-2808","page","type-page","status-publish","hentry"],"yoast_head":"<!-- This site is optimized with the Yoast SEO plugin v27.4 - https:\/\/yoast.com\/product\/yoast-seo-wordpress\/ -->\n<title>Shopping cart - Kettner Products<\/title>\n<meta name=\"robots\" content=\"index, follow, max-snippet:-1, max-image-preview:large, max-video-preview:-1\" \/>\n<link rel=\"canonical\" href=\"https:\/\/kettnerproducts.nl\/en\/shopping-cart\/\" \/>\n<meta property=\"og:locale\" content=\"en_US\" \/>\n<meta property=\"og:type\" content=\"article\" \/>\n<meta property=\"og:title\" content=\"Shopping cart - Kettner Products\" \/>\n<meta property=\"og:description\" content=\"Shopping cart Continue shopping Remove item Thumbnail image Product Price Quantity Subtotal &times; Complete Braiding Kit &euro;&nbsp;10,00 Complete Braiding Kit&nbsp; quantity &euro;&nbsp;10,00 Apply voucher Cart totals Subtotal &euro;&nbsp;10,00 Shipment Vast tarief: &euro;&nbsp;5,20 Shipping options will be updated during checkout. Calculate shipping Country \/ region Select a country \/ region&hellip;AfghanistanAland eilandenAlbani\u00ebAlgerijeAmerikaans-SamoaAndorraAngolaAnguillaAntarcticaAntigua en BarbudaArgentini\u00ebArmeni\u00ebArubaAustrali\u00ebAzerbeidzjanBahamasBahreinBangladeshBarbadosBelauBelgi\u00ebBelizeBeninBermudaBhutanBoeroendiBoliviaBonaire, Sint Eustatius en [&hellip;]\" \/>\n<meta property=\"og:url\" content=\"https:\/\/kettnerproducts.nl\/en\/shopping-cart\/\" \/>\n<meta property=\"og:site_name\" content=\"Kettner Products\" \/>\n<meta property=\"article:modified_time\" content=\"2026-04-02T08:14:01+00:00\" \/>\n<meta property=\"og:image\" content=\"https:\/\/kettnerproducts.nl\/wp-content\/uploads\/2024\/10\/KETTNER-vlechtset-300x300.jpg\" \/>\n<meta name=\"twitter:card\" content=\"summary_large_image\" \/>\n<meta name=\"twitter:label1\" content=\"Est. reading time\" \/>\n\t<meta name=\"twitter:data1\" content=\"2 minutes\" \/>\n<script type=\"application\/ld+json\" class=\"yoast-schema-graph\">{\"@context\":\"https:\\\/\\\/schema.org\",\"@graph\":[{\"@type\":\"WebPage\",\"@id\":\"https:\\\/\\\/kettnerproducts.nl\\\/en\\\/shopping-cart\\\/\",\"url\":\"https:\\\/\\\/kettnerproducts.nl\\\/en\\\/shopping-cart\\\/\",\"name\":\"Shopping cart - Kettner Products\",\"isPartOf\":{\"@id\":\"https:\\\/\\\/kettnerproducts.nl\\\/#website\"},\"primaryImageOfPage\":{\"@id\":\"https:\\\/\\\/kettnerproducts.nl\\\/en\\\/shopping-cart\\\/#primaryimage\"},\"image\":{\"@id\":\"https:\\\/\\\/kettnerproducts.nl\\\/en\\\/shopping-cart\\\/#primaryimage\"},\"thumbnailUrl\":\"https:\\\/\\\/kettnerproducts.nl\\\/wp-content\\\/uploads\\\/2024\\\/10\\\/KETTNER-vlechtset-300x300.jpg\",\"datePublished\":\"2024-08-06T06:02:09+00:00\",\"dateModified\":\"2026-04-02T08:14:01+00:00\",\"breadcrumb\":{\"@id\":\"https:\\\/\\\/kettnerproducts.nl\\\/en\\\/shopping-cart\\\/#breadcrumb\"},\"inLanguage\":\"en-US\",\"potentialAction\":[{\"@type\":\"ReadAction\",\"target\":[\"https:\\\/\\\/kettnerproducts.nl\\\/en\\\/shopping-cart\\\/\"]}]},{\"@type\":\"ImageObject\",\"inLanguage\":\"en-US\",\"@id\":\"https:\\\/\\\/kettnerproducts.nl\\\/en\\\/shopping-cart\\\/#primaryimage\",\"url\":\"https:\\\/\\\/kettnerproducts.nl\\\/wp-content\\\/uploads\\\/2024\\\/10\\\/KETTNER-vlechtset-300x300.jpg\",\"contentUrl\":\"https:\\\/\\\/kettnerproducts.nl\\\/wp-content\\\/uploads\\\/2024\\\/10\\\/KETTNER-vlechtset-300x300.jpg\"},{\"@type\":\"BreadcrumbList\",\"@id\":\"https:\\\/\\\/kettnerproducts.nl\\\/en\\\/shopping-cart\\\/#breadcrumb\",\"itemListElement\":[{\"@type\":\"ListItem\",\"position\":1,\"name\":\"Home\",\"item\":\"https:\\\/\\\/kettnerproducts.nl\\\/\"},{\"@type\":\"ListItem\",\"position\":2,\"name\":\"Shopping cart\"}]},{\"@type\":\"WebSite\",\"@id\":\"https:\\\/\\\/kettnerproducts.nl\\\/#website\",\"url\":\"https:\\\/\\\/kettnerproducts.nl\\\/\",\"name\":\"Kettner Products\",\"description\":\"Quality products\",\"publisher\":{\"@id\":\"https:\\\/\\\/kettnerproducts.nl\\\/#organization\"},\"potentialAction\":[{\"@type\":\"SearchAction\",\"target\":{\"@type\":\"EntryPoint\",\"urlTemplate\":\"https:\\\/\\\/kettnerproducts.nl\\\/?s={search_term_string}\"},\"query-input\":{\"@type\":\"PropertyValueSpecification\",\"valueRequired\":true,\"valueName\":\"search_term_string\"}}],\"inLanguage\":\"en-US\"},{\"@type\":\"Organization\",\"@id\":\"https:\\\/\\\/kettnerproducts.nl\\\/#organization\",\"name\":\"Kettner Products\",\"url\":\"https:\\\/\\\/kettnerproducts.nl\\\/\",\"logo\":{\"@type\":\"ImageObject\",\"inLanguage\":\"en-US\",\"@id\":\"https:\\\/\\\/kettnerproducts.nl\\\/#\\\/schema\\\/logo\\\/image\\\/\",\"url\":\"https:\\\/\\\/kettnerproducts.nl\\\/wp-content\\\/uploads\\\/2024\\\/08\\\/Kettner-products-logo-e1722937192153.png\",\"contentUrl\":\"https:\\\/\\\/kettnerproducts.nl\\\/wp-content\\\/uploads\\\/2024\\\/08\\\/Kettner-products-logo-e1722937192153.png\",\"width\":1119,\"height\":229,\"caption\":\"Kettner Products\"},\"image\":{\"@id\":\"https:\\\/\\\/kettnerproducts.nl\\\/#\\\/schema\\\/logo\\\/image\\\/\"}}]}<\/script>\n<!-- \/ Yoast SEO plugin. -->","yoast_head_json":{"title":"Shopping cart - Kettner Products","robots":{"index":"index","follow":"follow","max-snippet":"max-snippet:-1","max-image-preview":"max-image-preview:large","max-video-preview":"max-video-preview:-1"},"canonical":"https:\/\/kettnerproducts.nl\/en\/shopping-cart\/","og_locale":"en_US","og_type":"article","og_title":"Shopping cart - Kettner Products","og_description":"Shopping cart Continue shopping Remove item Thumbnail image Product Price Quantity Subtotal &times; Complete Braiding Kit &euro;&nbsp;10,00 Complete Braiding Kit&nbsp; quantity &euro;&nbsp;10,00 Apply voucher Cart totals Subtotal &euro;&nbsp;10,00 Shipment Vast tarief: &euro;&nbsp;5,20 Shipping options will be updated during checkout. Calculate shipping Country \/ region Select a country \/ region&hellip;AfghanistanAland eilandenAlbani\u00ebAlgerijeAmerikaans-SamoaAndorraAngolaAnguillaAntarcticaAntigua en BarbudaArgentini\u00ebArmeni\u00ebArubaAustrali\u00ebAzerbeidzjanBahamasBahreinBangladeshBarbadosBelauBelgi\u00ebBelizeBeninBermudaBhutanBoeroendiBoliviaBonaire, Sint Eustatius en [&hellip;]","og_url":"https:\/\/kettnerproducts.nl\/en\/shopping-cart\/","og_site_name":"Kettner Products","article_modified_time":"2026-04-02T08:14:01+00:00","og_image":[{"url":"https:\/\/kettnerproducts.nl\/wp-content\/uploads\/2024\/10\/KETTNER-vlechtset-300x300.jpg","type":"","width":"","height":""}],"twitter_card":"summary_large_image","twitter_misc":{"Est. reading time":"2 minutes"},"schema":{"@context":"https:\/\/schema.org","@graph":[{"@type":"WebPage","@id":"https:\/\/kettnerproducts.nl\/en\/shopping-cart\/","url":"https:\/\/kettnerproducts.nl\/en\/shopping-cart\/","name":"Shopping cart - Kettner Products","isPartOf":{"@id":"https:\/\/kettnerproducts.nl\/#website"},"primaryImageOfPage":{"@id":"https:\/\/kettnerproducts.nl\/en\/shopping-cart\/#primaryimage"},"image":{"@id":"https:\/\/kettnerproducts.nl\/en\/shopping-cart\/#primaryimage"},"thumbnailUrl":"https:\/\/kettnerproducts.nl\/wp-content\/uploads\/2024\/10\/KETTNER-vlechtset-300x300.jpg","datePublished":"2024-08-06T06:02:09+00:00","dateModified":"2026-04-02T08:14:01+00:00","breadcrumb":{"@id":"https:\/\/kettnerproducts.nl\/en\/shopping-cart\/#breadcrumb"},"inLanguage":"en-US","potentialAction":[{"@type":"ReadAction","target":["https:\/\/kettnerproducts.nl\/en\/shopping-cart\/"]}]},{"@type":"ImageObject","inLanguage":"en-US","@id":"https:\/\/kettnerproducts.nl\/en\/shopping-cart\/#primaryimage","url":"https:\/\/kettnerproducts.nl\/wp-content\/uploads\/2024\/10\/KETTNER-vlechtset-300x300.jpg","contentUrl":"https:\/\/kettnerproducts.nl\/wp-content\/uploads\/2024\/10\/KETTNER-vlechtset-300x300.jpg"},{"@type":"BreadcrumbList","@id":"https:\/\/kettnerproducts.nl\/en\/shopping-cart\/#breadcrumb","itemListElement":[{"@type":"ListItem","position":1,"name":"Home","item":"https:\/\/kettnerproducts.nl\/"},{"@type":"ListItem","position":2,"name":"Shopping cart"}]},{"@type":"WebSite","@id":"https:\/\/kettnerproducts.nl\/#website","url":"https:\/\/kettnerproducts.nl\/","name":"Kettner Products","description":"Quality products","publisher":{"@id":"https:\/\/kettnerproducts.nl\/#organization"},"potentialAction":[{"@type":"SearchAction","target":{"@type":"EntryPoint","urlTemplate":"https:\/\/kettnerproducts.nl\/?s={search_term_string}"},"query-input":{"@type":"PropertyValueSpecification","valueRequired":true,"valueName":"search_term_string"}}],"inLanguage":"en-US"},{"@type":"Organization","@id":"https:\/\/kettnerproducts.nl\/#organization","name":"Kettner Products","url":"https:\/\/kettnerproducts.nl\/","logo":{"@type":"ImageObject","inLanguage":"en-US","@id":"https:\/\/kettnerproducts.nl\/#\/schema\/logo\/image\/","url":"https:\/\/kettnerproducts.nl\/wp-content\/uploads\/2024\/08\/Kettner-products-logo-e1722937192153.png","contentUrl":"https:\/\/kettnerproducts.nl\/wp-content\/uploads\/2024\/08\/Kettner-products-logo-e1722937192153.png","width":1119,"height":229,"caption":"Kettner Products"},"image":{"@id":"https:\/\/kettnerproducts.nl\/#\/schema\/logo\/image\/"}}]}},"_links":{"self":[{"href":"https:\/\/kettnerproducts.nl\/en\/wp-json\/wp\/v2\/pages\/2808","targetHints":{"allow":["GET"]}}],"collection":[{"href":"https:\/\/kettnerproducts.nl\/en\/wp-json\/wp\/v2\/pages"}],"about":[{"href":"https:\/\/kettnerproducts.nl\/en\/wp-json\/wp\/v2\/types\/page"}],"author":[{"embeddable":true,"href":"https:\/\/kettnerproducts.nl\/en\/wp-json\/wp\/v2\/users\/1"}],"replies":[{"embeddable":true,"href":"https:\/\/kettnerproducts.nl\/en\/wp-json\/wp\/v2\/comments?post=2808"}],"version-history":[{"count":10,"href":"https:\/\/kettnerproducts.nl\/en\/wp-json\/wp\/v2\/pages\/2808\/revisions"}],"predecessor-version":[{"id":4281,"href":"https:\/\/kettnerproducts.nl\/en\/wp-json\/wp\/v2\/pages\/2808\/revisions\/4281"}],"wp:attachment":[{"href":"https:\/\/kettnerproducts.nl\/en\/wp-json\/wp\/v2\/media?parent=2808"}],"curies":[{"name":"wp","href":"https:\/\/api.w.org\/{rel}","templated":true}]}}